{"id":11,"date":"2012-04-17T23:27:18","date_gmt":"2012-04-17T23:27:18","guid":{"rendered":"http:\/\/www.sgi-estebruegge.de.dd11414.kasserver.com\/wp\/?page_id=11"},"modified":"2012-05-05T10:53:59","modified_gmt":"2012-05-05T10:53:59","slug":"abteilungen","status":"publish","type":"page","link":"https:\/\/www.sgi-estebruegge.de\/wp\/abteilungen\/","title":{"rendered":"Abteilungen \/ Rotts"},"content":{"rendered":"<p style=\"text-align: center;\">Hier finden Sie unsere verschiedenen Abteilungen.<\/p>\n<p style=\"text-align: center;\">\u00a0<\/p>\n<p style=\"text-align: center;\"><a href=\"https:\/\/www.schwarzes-rott.homepage.t-online.de\/\" target=\"_blank\">Schwarzes Rott<\/a><\/p>\n<p style=\"text-align: center;\"><a title=\"Gr\u00fcnes Rott\" href=\"https:\/\/www.sgi-estebruegge.de\/wp\/?page_id=58\">Gr\u00fcnes Rott<\/a><\/p>\n<p style=\"text-align: center;\"><a title=\"Neues Rott\" href=\"https:\/\/www.sgi-estebruegge.de\/wp\/?page_id=60\">Neues Rott<\/a><\/p>\n<p style=\"text-align: center;\"><a title=\"Damenabteilung\" href=\"https:\/\/www.sgi-estebruegge.de\/wp\/?page_id=51\">Damenabteilung<\/a><\/p>\n<p style=\"text-align: center;\"><a title=\"Jungsch\u00fctzen\" href=\"https:\/\/www.sgi-estebruegge.de\/wp\/?page_id=55\">Jungsch\u00fctzen<\/a><\/p>\n<p style=\"text-align: center;\"><a title=\"Fanfaren-Drum-Band\" href=\"https:\/\/www.sgi-estebruegge.de\/wp\/?page_id=53\">Fanfaren-Drum-Band<\/a><\/p>\n<p style=\"text-align: center;\"><a title=\"Aktive Schie\u00dfgruppe\" href=\"https:\/\/www.sgi-estebruegge.de\/wp\/?page_id=64\">Aktive Schie\u00dfgruppe<\/a><\/p>\n","protected":false},"excerpt":{"rendered":"<p>Hier finden Sie unsere verschiedenen Abteilungen. \u00a0 Schwarzes Rott Gr\u00fcnes Rott Neues Rott Damenabteilung Jungsch\u00fctzen Fanfaren-Drum-Band Aktive Schie\u00dfgruppe<\/p>\n","protected":false},"author":1,"featured_media":0,"parent":0,"menu_order":30,"comment_status":"open","ping_status":"open","template":"","meta":{"ngg_post_thumbnail":0,"footnotes":""},"class_list":["post-11","page","type-page","status-publish","hentry","odd"],"_links":{"self":[{"href":"https:\/\/www.sgi-estebruegge.de\/wp\/wp-json\/wp\/v2\/pages\/11","targetHints":{"allow":["GET"]}}],"collection":[{"href":"https:\/\/www.sgi-estebruegge.de\/wp\/wp-json\/wp\/v2\/pages"}],"about":[{"href":"https:\/\/www.sgi-estebruegge.de\/wp\/wp-json\/wp\/v2\/types\/page"}],"author":[{"embeddable":true,"href":"https:\/\/www.sgi-estebruegge.de\/wp\/wp-json\/wp\/v2\/users\/1"}],"replies":[{"embeddable":true,"href":"https:\/\/www.sgi-estebruegge.de\/wp\/wp-json\/wp\/v2\/comments?post=11"}],"version-history":[{"count":9,"href":"https:\/\/www.sgi-estebruegge.de\/wp\/wp-json\/wp\/v2\/pages\/11\/revisions"}],"predecessor-version":[{"id":284,"href":"https:\/\/www.sgi-estebruegge.de\/wp\/wp-json\/wp\/v2\/pages\/11\/revisions\/284"}],"wp:attachment":[{"href":"https:\/\/www.sgi-estebruegge.de\/wp\/wp-json\/wp\/v2\/media?parent=11"}],"curies":[{"name":"wp","href":"https:\/\/api.w.org\/{rel}","templated":true}]}}