{"id":24,"date":"2012-04-17T23:31:11","date_gmt":"2012-04-17T23:31:11","guid":{"rendered":"http:\/\/www.sgi-estebruegge.de.dd11414.kasserver.com\/wp\/?page_id=24"},"modified":"2012-05-05T08:43:43","modified_gmt":"2012-05-05T08:43:43","slug":"links","status":"publish","type":"page","link":"https:\/\/www.sgi-estebruegge.de\/wp\/links\/","title":{"rendered":"Links"},"content":{"rendered":"<p style=\"text-align: center;\">\u00a0<strong><br \/> <\/strong><a href=\"www.dsb.de\" target=\"_blank\">Deutscher Sch\u00fctzenbund<\/a><\/p>\n<p style=\"text-align: center;\"><a href=\"https:\/\/www.bsv-stade.de\/\" target=\"_blank\">Bezirkssch\u00fctzenverband Stade<\/a><\/p>\n<p style=\"text-align: center;\"><a href=\"https:\/\/www.nwdsb.de\/\" target=\"_blank\">Nordwestdeutscher Sch\u00fctzenbund<\/a><\/p>\n<p style=\"text-align: center;\"><a href=\"https:\/\/www.schuetzengilde-buxtehude.de\/\" target=\"_blank\">Sch\u00fctzengilde Stadt Buxtehude v. 1539 <\/a><\/p>\n<p style=\"text-align: center;\"><a href=\"https:\/\/www.schuetzengilde-steinkirchen.de\/\" target=\"_blank\">Sch\u00fctzengilde Steinkirchen e.V.<\/a><\/p>\n<p style=\"text-align: center;\"><a href=\"https:\/\/www.sv-ladekop.de\/\" target=\"_blank\">Sch\u00fctzenverein Ladekop<\/a><\/p>\n<p style=\"text-align: center;\"><a href=\"https:\/\/www.altklosteraner.de\/\" target=\"_blank\">Sch\u00fctzenverein Altkloster<\/a><\/p>\n<p style=\"text-align: center;\"><a href=\"https:\/\/www.sv-jork-borstel.de\/\" target=\"_blank\">Sch\u00fctzenverein Jork \/ Borstel<\/a><\/p>\n<p style=\"text-align: center;\"><a href=\"https:\/\/www.sv-neuenfelde.de\/\" target=\"_blank\">Sch\u00fctzenverein Neuenfelde<\/a><\/p>\n","protected":false},"excerpt":{"rendered":"<p>\u00a0 Deutscher Sch\u00fctzenbund Bezirkssch\u00fctzenverband Stade Nordwestdeutscher Sch\u00fctzenbund Sch\u00fctzengilde Stadt Buxtehude v. 1539 Sch\u00fctzengilde Steinkirchen e.V. Sch\u00fctzenverein Ladekop Sch\u00fctzenverein Altkloster Sch\u00fctzenverein Jork \/ Borstel Sch\u00fctzenverein Neuenfelde<\/p>\n","protected":false},"author":1,"featured_media":0,"parent":0,"menu_order":80,"comment_status":"open","ping_status":"open","template":"","meta":{"ngg_post_thumbnail":0,"footnotes":""},"class_list":["post-24","page","type-page","status-publish","hentry","odd"],"_links":{"self":[{"href":"https:\/\/www.sgi-estebruegge.de\/wp\/wp-json\/wp\/v2\/pages\/24","targetHints":{"allow":["GET"]}}],"collection":[{"href":"https:\/\/www.sgi-estebruegge.de\/wp\/wp-json\/wp\/v2\/pages"}],"about":[{"href":"https:\/\/www.sgi-estebruegge.de\/wp\/wp-json\/wp\/v2\/types\/page"}],"author":[{"embeddable":true,"href":"https:\/\/www.sgi-estebruegge.de\/wp\/wp-json\/wp\/v2\/users\/1"}],"replies":[{"embeddable":true,"href":"https:\/\/www.sgi-estebruegge.de\/wp\/wp-json\/wp\/v2\/comments?post=24"}],"version-history":[{"count":4,"href":"https:\/\/www.sgi-estebruegge.de\/wp\/wp-json\/wp\/v2\/pages\/24\/revisions"}],"predecessor-version":[{"id":255,"href":"https:\/\/www.sgi-estebruegge.de\/wp\/wp-json\/wp\/v2\/pages\/24\/revisions\/255"}],"wp:attachment":[{"href":"https:\/\/www.sgi-estebruegge.de\/wp\/wp-json\/wp\/v2\/media?parent=24"}],"curies":[{"name":"wp","href":"https:\/\/api.w.org\/{rel}","templated":true}]}}